{"id":25,"date":"2025-06-11T12:50:32","date_gmt":"2025-06-11T10:50:32","guid":{"rendered":"https:\/\/pimroth.de\/?page_id=25"},"modified":"2025-06-22T19:58:30","modified_gmt":"2025-06-22T17:58:30","slug":"impressum","status":"publish","type":"page","link":"https:\/\/pimroth.de\/?page_id=25","title":{"rendered":"Impressum"},"content":{"rendered":"<p>Ich bin unter meiner eMailadresse \u201e<a href=\"mailto:pim@pimroth.de\">pim@pimroth.de<\/a>\u201c erreichbar.<\/p>\n<p>Wenn ein wirklich berechtigtes Interesse besteht mit mir in Kontakt zu treten, ist dies erstmal die einzige M\u00f6glichkeit. Ich mache hier keine Werbung, ich verkaufe nichts, ich bin hier nur als Privatmensch, m\u00f6chte euch lediglich einige Erlebnisse erz\u00e4hlen und ein paar meiner Anleitungen zeigen. Daf\u00fcr muss niemand meine Privatadresse erfahren.<\/p>\n","protected":false},"excerpt":{"rendered":"<p>Ich bin unter meiner eMailadresse \u201epim@pimroth.de\u201c erreichbar. Wenn ein wirklich berechtigtes Interesse besteht mit mir in Kontakt zu treten, ist dies erstmal die einzige M\u00f6glichkeit. Ich mache hier keine Werbung, ich verkaufe nichts, ich bin hier nur als Privatmensch, m\u00f6chte euch lediglich einige Erlebnisse erz\u00e4hlen und ein paar meiner Anleitungen zeigen. Daf\u00fcr muss niemand meine [&hellip;]<\/p>\n","protected":false},"author":1,"featured_media":0,"parent":0,"menu_order":0,"comment_status":"closed","ping_status":"closed","template":"","meta":{"footnotes":""},"class_list":["post-25","page","type-page","status-publish","hentry","missing-thumbnail"],"_links":{"self":[{"href":"https:\/\/pimroth.de\/index.php?rest_route=\/wp\/v2\/pages\/25","targetHints":{"allow":["GET"]}}],"collection":[{"href":"https:\/\/pimroth.de\/index.php?rest_route=\/wp\/v2\/pages"}],"about":[{"href":"https:\/\/pimroth.de\/index.php?rest_route=\/wp\/v2\/types\/page"}],"author":[{"embeddable":true,"href":"https:\/\/pimroth.de\/index.php?rest_route=\/wp\/v2\/users\/1"}],"replies":[{"embeddable":true,"href":"https:\/\/pimroth.de\/index.php?rest_route=%2Fwp%2Fv2%2Fcomments&post=25"}],"version-history":[{"count":4,"href":"https:\/\/pimroth.de\/index.php?rest_route=\/wp\/v2\/pages\/25\/revisions"}],"predecessor-version":[{"id":59,"href":"https:\/\/pimroth.de\/index.php?rest_route=\/wp\/v2\/pages\/25\/revisions\/59"}],"wp:attachment":[{"href":"https:\/\/pimroth.de\/index.php?rest_route=%2Fwp%2Fv2%2Fmedia&parent=25"}],"curies":[{"name":"wp","href":"https:\/\/api.w.org\/{rel}","templated":true}]}}